{"id":8003,"date":"2018-07-07T21:48:30","date_gmt":"2018-07-08T00:48:30","guid":{"rendered":"https:\/\/www.tutorialcursos.com\/teste\/?page_id=8003"},"modified":"2020-11-02T19:08:20","modified_gmt":"2020-11-02T21:08:20","slug":"validar-certificado","status":"publish","type":"page","link":"https:\/\/www.cirurgiavaginal.com.br\/plataforma\/validar-certificado\/","title":{"rendered":"Validar Certificado"},"content":{"rendered":"<p style=\"text-align: center;\"><span style=\"font-size: 18pt;\"><strong><span style=\"font-size: 24pt;\">VERIFIQUE SE O CERTIFICADO \u00c9 AUT\u00caNTICO<\/span>:<\/strong><\/span><\/p>\n<p style=\"text-align: center;\"><span style=\"font-size: 14pt;\">\u00c9 f\u00e1cil. Basta preencher o campo abaixo com o c\u00f3digo dispon\u00edvel no Certificado do Aluno.<\/span><\/p>\n<p style=\"text-align: center;\"><div style=\"display:flex;justify-content:center;\"><form method=\"POST\">\n\t\t\t    <center><input name=\"certId\" class=\"codigo\" type=\"text\" size=\"32\" placeholder=\"Digite aqui o c\u00f3digo do certificado\" style=\"border:1px solid #aaa;display:block;margin:5px auto;\"><\/center>\n\t\t\t    <input type=\"submit\" class=\"subm\" value=\"Verificar Certificado\" style=\"display:block;margin:0 auto;\">\n\t\t\t\t<\/form>\n\t\t\t <\/div>\n<p>&nbsp;<br \/>\n&nbsp;<\/p>\n","protected":false},"excerpt":{"rendered":"<p>VERIFIQUE SE O CERTIFICADO \u00c9 AUT\u00caNTICO: \u00c9 f\u00e1cil. Basta preencher o campo abaixo com o c\u00f3digo dispon\u00edvel no Certificado do Aluno. &nbsp; &nbsp;<\/p>\n","protected":false},"author":1,"featured_media":0,"parent":0,"menu_order":0,"comment_status":"closed","ping_status":"closed","template":"","meta":{"_bbp_topic_count":0,"_bbp_reply_count":0,"_bbp_total_topic_count":0,"_bbp_total_reply_count":0,"_bbp_voice_count":0,"_bbp_anonymous_reply_count":0,"_bbp_topic_count_hidden":0,"_bbp_reply_count_hidden":0,"_bbp_forum_subforum_count":0,"pmpro_default_level":0},"_links":{"self":[{"href":"https:\/\/www.cirurgiavaginal.com.br\/plataforma\/wp-json\/wp\/v2\/pages\/8003"}],"collection":[{"href":"https:\/\/www.cirurgiavaginal.com.br\/plataforma\/wp-json\/wp\/v2\/pages"}],"about":[{"href":"https:\/\/www.cirurgiavaginal.com.br\/plataforma\/wp-json\/wp\/v2\/types\/page"}],"author":[{"embeddable":true,"href":"https:\/\/www.cirurgiavaginal.com.br\/plataforma\/wp-json\/wp\/v2\/users\/1"}],"replies":[{"embeddable":true,"href":"https:\/\/www.cirurgiavaginal.com.br\/plataforma\/wp-json\/wp\/v2\/comments?post=8003"}],"version-history":[{"count":2,"href":"https:\/\/www.cirurgiavaginal.com.br\/plataforma\/wp-json\/wp\/v2\/pages\/8003\/revisions"}],"predecessor-version":[{"id":20441,"href":"https:\/\/www.cirurgiavaginal.com.br\/plataforma\/wp-json\/wp\/v2\/pages\/8003\/revisions\/20441"}],"wp:attachment":[{"href":"https:\/\/www.cirurgiavaginal.com.br\/plataforma\/wp-json\/wp\/v2\/media?parent=8003"}],"curies":[{"name":"wp","href":"https:\/\/api.w.org\/{rel}","templated":true}]}}